{"id":2514,"date":"2017-01-30T12:12:41","date_gmt":"2017-01-30T12:12:41","guid":{"rendered":"http:\/\/irmbor.co.rs\/en\/about-us\/upravni-odbor\/"},"modified":"2023-06-20T12:27:43","modified_gmt":"2023-06-20T12:27:43","slug":"board-of-directors","status":"publish","type":"page","link":"https:\/\/irmbor.co.rs\/en\/about-us\/board-of-directors\/","title":{"rendered":"Board of Directors"},"content":{"rendered":"<p><strong>President:<\/strong><\/p>\n<p>Prof. Dr Rade J. Jelenkovi\u0107, Faculty of Mining and Geology, University of Belgrade<\/p>\n<p><strong>Members:<\/strong><\/p>\n<p>Prof. Dr Dragan Milovanovi\u0107, Faculty of Mining and Geology, University of Belgrade<br \/>\nProf. Dr Nedeljko Magdalinovi\u0107, Technical Faculty Bor, University of Belgrade<br \/>\nVera Vasi\u0107, Ministry of Science, Technological Development and Innovation<br \/>\nDr Ana Kostov, Principal Research Fellow, Mining and Metallurgy Institute Bor<br \/>\nDr Biserka Trumi\u0107, Principal Research Fellow, Mining and Metallurgy Institute Bor<br \/>\nDr Dragan Milanovi\u0107 Principal Research Fellow, Mining and Metallurgy Institute Bor<\/p>\n","protected":false},"excerpt":{"rendered":"President: Prof. Dr Rade J. Jelenkovi\u0107, Faculty of Mining and Geology, University of Belgrade Members: Prof. Dr Dragan Milovanovi\u0107, Faculty of Mining and Geology, University of Belgrade Prof. Dr Nedeljko Magdalinovi\u0107, Technical Faculty Bor, University of Belgrade Vera Vasi\u0107, Ministry of Science, Technological Development and Innovation Dr Ana Kostov, Principal Research Fellow, Mining and Metallurgy&#8230;","protected":false},"author":1,"featured_media":0,"parent":2487,"menu_order":0,"comment_status":"closed","ping_status":"closed","template":"","meta":[],"yoast_head":"<!-- This site is optimized with the Yoast SEO plugin v15.0 - https:\/\/yoast.com\/wordpress\/plugins\/seo\/ -->\n<meta name=\"robots\" content=\"index, follow, max-snippet:-1, max-image-preview:large, max-video-preview:-1\" \/>\n<link rel=\"canonical\" href=\"http:\/\/irmbor.co.rs\/en\/about-us\/board-of-directors\/\" \/>\n<meta property=\"og:locale\" content=\"en_US\" \/>\n<meta property=\"og:type\" content=\"article\" \/>\n<meta property=\"og:title\" content=\"Board of Directors - IRM Bor\" \/>\n<meta property=\"og:description\" content=\"President: Prof. Dr Rade J. Jelenkovi\u0107, Faculty of Mining and Geology, University of Belgrade Members: Prof. Dr Dragan Milovanovi\u0107, Faculty of Mining and Geology, University of Belgrade Prof. Dr Nedeljko Magdalinovi\u0107, Technical Faculty Bor, University of Belgrade Vera Vasi\u0107, Ministry of Science, Technological Development and Innovation Dr Ana Kostov, Principal Research Fellow, Mining and Metallurgy...\" \/>\n<meta property=\"og:url\" content=\"http:\/\/irmbor.co.rs\/en\/about-us\/board-of-directors\/\" \/>\n<meta property=\"og:site_name\" content=\"IRM Bor\" \/>\n<meta property=\"article:modified_time\" content=\"2023-06-20T12:27:43+00:00\" \/>\n<meta name=\"twitter:card\" content=\"summary\" \/>\n<script type=\"application\/ld+json\" class=\"yoast-schema-graph\">{\"@context\":\"https:\/\/schema.org\",\"@graph\":[{\"@type\":\"WebSite\",\"@id\":\"https:\/\/irmbor.co.rs\/en\/#website\",\"url\":\"https:\/\/irmbor.co.rs\/en\/\",\"name\":\"IRM Bor\",\"description\":\"Institut Bor\",\"potentialAction\":[{\"@type\":\"SearchAction\",\"target\":\"https:\/\/irmbor.co.rs\/en\/?s={search_term_string}\",\"query-input\":\"required name=search_term_string\"}],\"inLanguage\":\"en-US\"},{\"@type\":\"WebPage\",\"@id\":\"http:\/\/irmbor.co.rs\/en\/about-us\/board-of-directors\/#webpage\",\"url\":\"http:\/\/irmbor.co.rs\/en\/about-us\/board-of-directors\/\",\"name\":\"Board of Directors - IRM Bor\",\"isPartOf\":{\"@id\":\"https:\/\/irmbor.co.rs\/en\/#website\"},\"datePublished\":\"2017-01-30T12:12:41+00:00\",\"dateModified\":\"2023-06-20T12:27:43+00:00\",\"inLanguage\":\"en-US\",\"potentialAction\":[{\"@type\":\"ReadAction\",\"target\":[\"http:\/\/irmbor.co.rs\/en\/about-us\/board-of-directors\/\"]}]}]}<\/script>\n<!-- \/ Yoast SEO plugin. -->","_links":{"self":[{"href":"https:\/\/irmbor.co.rs\/en\/wp-json\/wp\/v2\/pages\/2514"}],"collection":[{"href":"https:\/\/irmbor.co.rs\/en\/wp-json\/wp\/v2\/pages"}],"about":[{"href":"https:\/\/irmbor.co.rs\/en\/wp-json\/wp\/v2\/types\/page"}],"author":[{"embeddable":true,"href":"https:\/\/irmbor.co.rs\/en\/wp-json\/wp\/v2\/users\/1"}],"replies":[{"embeddable":true,"href":"https:\/\/irmbor.co.rs\/en\/wp-json\/wp\/v2\/comments?post=2514"}],"version-history":[{"count":5,"href":"https:\/\/irmbor.co.rs\/en\/wp-json\/wp\/v2\/pages\/2514\/revisions"}],"predecessor-version":[{"id":5036,"href":"https:\/\/irmbor.co.rs\/en\/wp-json\/wp\/v2\/pages\/2514\/revisions\/5036"}],"up":[{"embeddable":true,"href":"https:\/\/irmbor.co.rs\/en\/wp-json\/wp\/v2\/pages\/2487"}],"wp:attachment":[{"href":"https:\/\/irmbor.co.rs\/en\/wp-json\/wp\/v2\/media?parent=2514"}],"curies":[{"name":"wp","href":"https:\/\/api.w.org\/{rel}","templated":true}]}}