{"id":2512,"date":"2017-01-30T12:16:32","date_gmt":"2017-01-30T12:16:32","guid":{"rendered":"http:\/\/irmbor.co.rs\/en\/about-us\/naucno-vece\/"},"modified":"2025-07-31T09:38:22","modified_gmt":"2025-07-31T09:38:22","slug":"scientific-council","status":"publish","type":"page","link":"https:\/\/irmbor.co.rs\/en\/about-us\/scientific-council\/","title":{"rendered":"Scientific Council"},"content":{"rendered":"<p><strong>President:<\/strong><\/p>\n<ul>\n<li>Dr Ana Kostov, Principal Research Fellow<\/li>\n<\/ul>\n<p><strong>Deputy:<\/strong><\/p>\n<ul>\n<li>\u2022 Dr Dragan Milanovi\u0107, Principal Research Fellow<\/li>\n<\/ul>\n<p><strong>Members:<\/strong><\/p>\n<ul>\n<li>Dr Mile Bugarin, Principal Research Fellow<\/li>\n<li>Dr Biserka Trumi\u0107, Principal Research Fellow<\/li>\n<li>Dr Vesna Krsti\u0107, Principal Research Fellow<\/li>\n<li>Dr Silvana Dimitrijevi\u0107, Principal Research Fellow<\/li>\n<li>Dr Dragana Bo\u017ei\u0107, Senior Research Associate<\/li>\n<\/ul>\n","protected":false},"excerpt":{"rendered":"President: Dr Ana Kostov, Principal Research Fellow Deputy: \u2022 Dr Dragan Milanovi\u0107, Principal Research Fellow Members: Dr Mile Bugarin, Principal Research Fellow Dr Biserka Trumi\u0107, Principal Research Fellow Dr Vesna Krsti\u0107, Principal Research Fellow Dr Silvana Dimitrijevi\u0107, Principal Research Fellow Dr Dragana Bo\u017ei\u0107, Senior Research Associate","protected":false},"author":1,"featured_media":0,"parent":2487,"menu_order":0,"comment_status":"closed","ping_status":"closed","template":"","meta":[],"yoast_head":"<!-- This site is optimized with the Yoast SEO plugin v15.0 - https:\/\/yoast.com\/wordpress\/plugins\/seo\/ -->\n<meta name=\"robots\" content=\"index, follow, max-snippet:-1, max-image-preview:large, max-video-preview:-1\" \/>\n<link rel=\"canonical\" href=\"http:\/\/irmbor.co.rs\/en\/about-us\/scientific-council\/\" \/>\n<meta property=\"og:locale\" content=\"en_US\" \/>\n<meta property=\"og:type\" content=\"article\" \/>\n<meta property=\"og:title\" content=\"Scientific Council - IRM Bor\" \/>\n<meta property=\"og:description\" content=\"President: Dr Ana Kostov, Principal Research Fellow Deputy: \u2022 Dr Dragan Milanovi\u0107, Principal Research Fellow Members: Dr Mile Bugarin, Principal Research Fellow Dr Biserka Trumi\u0107, Principal Research Fellow Dr Vesna Krsti\u0107, Principal Research Fellow Dr Silvana Dimitrijevi\u0107, Principal Research Fellow Dr Dragana Bo\u017ei\u0107, Senior Research Associate\" \/>\n<meta property=\"og:url\" content=\"http:\/\/irmbor.co.rs\/en\/about-us\/scientific-council\/\" \/>\n<meta property=\"og:site_name\" content=\"IRM Bor\" \/>\n<meta property=\"article:modified_time\" content=\"2025-07-31T09:38:22+00:00\" \/>\n<meta name=\"twitter:card\" content=\"summary\" \/>\n<script type=\"application\/ld+json\" class=\"yoast-schema-graph\">{\"@context\":\"https:\/\/schema.org\",\"@graph\":[{\"@type\":\"WebSite\",\"@id\":\"https:\/\/irmbor.co.rs\/en\/#website\",\"url\":\"https:\/\/irmbor.co.rs\/en\/\",\"name\":\"IRM Bor\",\"description\":\"Institut Bor\",\"potentialAction\":[{\"@type\":\"SearchAction\",\"target\":\"https:\/\/irmbor.co.rs\/en\/?s={search_term_string}\",\"query-input\":\"required name=search_term_string\"}],\"inLanguage\":\"en-US\"},{\"@type\":\"WebPage\",\"@id\":\"http:\/\/irmbor.co.rs\/en\/about-us\/scientific-council\/#webpage\",\"url\":\"http:\/\/irmbor.co.rs\/en\/about-us\/scientific-council\/\",\"name\":\"Scientific Council - IRM Bor\",\"isPartOf\":{\"@id\":\"https:\/\/irmbor.co.rs\/en\/#website\"},\"datePublished\":\"2017-01-30T12:16:32+00:00\",\"dateModified\":\"2025-07-31T09:38:22+00:00\",\"inLanguage\":\"en-US\",\"potentialAction\":[{\"@type\":\"ReadAction\",\"target\":[\"http:\/\/irmbor.co.rs\/en\/about-us\/scientific-council\/\"]}]}]}<\/script>\n<!-- \/ Yoast SEO plugin. -->","_links":{"self":[{"href":"https:\/\/irmbor.co.rs\/en\/wp-json\/wp\/v2\/pages\/2512"}],"collection":[{"href":"https:\/\/irmbor.co.rs\/en\/wp-json\/wp\/v2\/pages"}],"about":[{"href":"https:\/\/irmbor.co.rs\/en\/wp-json\/wp\/v2\/types\/page"}],"author":[{"embeddable":true,"href":"https:\/\/irmbor.co.rs\/en\/wp-json\/wp\/v2\/users\/1"}],"replies":[{"embeddable":true,"href":"https:\/\/irmbor.co.rs\/en\/wp-json\/wp\/v2\/comments?post=2512"}],"version-history":[{"count":6,"href":"https:\/\/irmbor.co.rs\/en\/wp-json\/wp\/v2\/pages\/2512\/revisions"}],"predecessor-version":[{"id":5800,"href":"https:\/\/irmbor.co.rs\/en\/wp-json\/wp\/v2\/pages\/2512\/revisions\/5800"}],"up":[{"embeddable":true,"href":"https:\/\/irmbor.co.rs\/en\/wp-json\/wp\/v2\/pages\/2487"}],"wp:attachment":[{"href":"https:\/\/irmbor.co.rs\/en\/wp-json\/wp\/v2\/media?parent=2512"}],"curies":[{"name":"wp","href":"https:\/\/api.w.org\/{rel}","templated":true}]}}